{"id":94,"date":"2021-06-24T14:52:25","date_gmt":"2021-06-24T12:52:25","guid":{"rendered":"https:\/\/ttll.ch\/?page_id=94"},"modified":"2021-06-24T14:57:04","modified_gmt":"2021-06-24T12:57:04","slug":"competition","status":"publish","type":"page","link":"https:\/\/ttll.ch\/index.php\/competition\/","title":{"rendered":"Comp\u00e9tition"},"content":{"rendered":"\n<p><\/p>\n\n\n\n<p>Durant l&rsquo;automne 2020, Tout Terrain a organis\u00e9 ses propres parcours de r\u00e9f\u00e9rence, chronom\u00e9tr\u00e9s et balis\u00e9s pour nos membres:<\/p>\n\n\n\n<ul class=\"wp-block-list\"><li>Le D\u00e9fi de Savuit, 2km<\/li><li>Le Challenge des Vignes, 4km et 2km<\/li><li>Les Bois de La Croix, 4km et 2 km<\/li><\/ul>\n\n\n\n<p>La cr\u00e9ation de ces parcours a \u00e9t\u00e9 un travail passionnant! Ils nous permettent de nous entrainer et de nous mesurer r\u00e9guli\u00e8rement \u00e0 nos meilleurs chrono, permettant \u00e0 chacun de rester au top de sa forme et motiv\u00e9.<\/p>\n\n\n\n<p>Au printemps 2021, nous avons pr\u00e9par\u00e9 nos membres pour deux comp\u00e9titions virtuelles: La Course \u00e0 Travers Pully, et le XTrail Lavaux. Nous sommes fiers des excellentes performances r\u00e9alis\u00e9s par toutes et tous, plusieurs de nos membres ayant trust\u00e9 les podiums de ces courses dans diverses cat\u00e9gories!<\/p>\n\n\n\n<p>Pour la saison 2021-22, nous allons pr\u00e9parer nos membres pour une large s\u00e9lection de courses populaires afin de retrouver la comp\u00e9tition d\u00e8s que cela sera \u00e0 nouveau possible. Nous pr\u00e9parons \u00e9galement des courses internes \u00e0 Tout Terrain sur nos parcours. Nous nous r\u00e9jouissons de vous y retrouver!<\/p>\n\n\n\nngg_shortcode_0_placeholder\n","protected":false},"excerpt":{"rendered":"<p>Durant l&rsquo;automne 2020, Tout Terrain a organis\u00e9 ses propres parcours de r\u00e9f\u00e9rence, chronom\u00e9tr\u00e9s et balis\u00e9s pour nos membres: Le D\u00e9fi de Savuit, 2km Le Challenge des Vignes, 4km et 2km Les Bois de La Croix, 4km et 2 km La cr\u00e9ation de ces parcours a \u00e9t\u00e9 un travail passionnant! Ils&#8230;<\/p>\n","protected":false},"author":2,"featured_media":0,"parent":0,"menu_order":0,"comment_status":"closed","ping_status":"closed","template":"templates\/full-width-page.php","meta":{"ngg_post_thumbnail":0,"footnotes":""},"class_list":["post-94","page","type-page","status-publish","hentry"],"jetpack_sharing_enabled":true,"_links":{"self":[{"href":"https:\/\/ttll.ch\/index.php\/wp-json\/wp\/v2\/pages\/94","targetHints":{"allow":["GET"]}}],"collection":[{"href":"https:\/\/ttll.ch\/index.php\/wp-json\/wp\/v2\/pages"}],"about":[{"href":"https:\/\/ttll.ch\/index.php\/wp-json\/wp\/v2\/types\/page"}],"author":[{"embeddable":true,"href":"https:\/\/ttll.ch\/index.php\/wp-json\/wp\/v2\/users\/2"}],"replies":[{"embeddable":true,"href":"https:\/\/ttll.ch\/index.php\/wp-json\/wp\/v2\/comments?post=94"}],"version-history":[{"count":5,"href":"https:\/\/ttll.ch\/index.php\/wp-json\/wp\/v2\/pages\/94\/revisions"}],"predecessor-version":[{"id":112,"href":"https:\/\/ttll.ch\/index.php\/wp-json\/wp\/v2\/pages\/94\/revisions\/112"}],"wp:attachment":[{"href":"https:\/\/ttll.ch\/index.php\/wp-json\/wp\/v2\/media?parent=94"}],"curies":[{"name":"wp","href":"https:\/\/api.w.org\/{rel}","templated":true}]}}