{"id":530,"date":"2024-07-18T12:52:31","date_gmt":"2024-07-18T10:52:31","guid":{"rendered":"https:\/\/ttll.ch\/?page_id=530"},"modified":"2026-02-07T12:08:12","modified_gmt":"2026-02-07T11:08:12","slug":"course-a-pied-adultes","status":"publish","type":"page","link":"https:\/\/ttll.ch\/index.php\/course-a-pied-adultes\/","title":{"rendered":"Course \u00e0 pied Adultes"},"content":{"rendered":"\n<p>Tout Terrain Lutry Lavaux a \u00e9t\u00e9 initialement con\u00e7u comme un programme pour les jeunes coureurs. Puis, \u00e0 l&rsquo;automne 2022, les parents de nos athl\u00e8tes nous ont convaincus de lancer un cours officiel pour les adultes ! Certains de nos premiers coureurs adultes ont remport\u00e9 leurs premiers podiums cette ann\u00e9e !<\/p>\n\n\n\n<p>Nous entra\u00eenons nos coureurs adultes deux fois par semaine, en adaptant les horaires \u00e0 leurs emplois du temps : les mardis \u00e0 19h00 et les mercredis \u00e0 18h30. Nos premiers coureurs adultes \u00e9taient des parents de jeunes coureurs. Depuis, d&rsquo;autres membres de la communaut\u00e9 nous ont rejoints.<\/p>\n\n\n\n<p>Avec le temps, nous avons appris que la plupart des adultes qui courent seuls apr\u00e8s le travail ou le week-end se concentrent sur des courses \u00e0 tempo et des longues courses d&rsquo;endurance. Notre programme d\u00e9fie sp\u00e9cifiquement nos coureurs en travaillant la vitesse par des intervalles, des fartleks de diff\u00e9rentes longueurs et des entra\u00eenements en c\u00f4te. Ce travail est compl\u00e9t\u00e9 par des exercices de renforcement, de flexibilit\u00e9 et d&rsquo;agilit\u00e9 en d\u00e9but et fin de session.<\/p>\n\n\n\n<p>Notre programme vari\u00e9 s&rsquo;adresse aux coureurs interm\u00e9diaires et exp\u00e9riment\u00e9s capables de s&rsquo;entra\u00eener pendant plus d&rsquo;une heure en intervalles. Certains de nos coureurs adultes suivent notre programme de courses et montent sur le podium, tandis que d&rsquo;autres participent pour am\u00e9liorer leur condition physique tout en profitant de la camaraderie qui se forme au sein de notre \u00e9quipe.<\/p>\n\n\n\n<figure class=\"wp-block-gallery has-nested-images columns-2 is-cropped wp-block-gallery-1 is-layout-flex wp-block-gallery-is-layout-flex\">\n<figure class=\"wp-block-image size-large\"><img decoding=\"async\" data-id=\"557\" src=\"https:\/\/ttll.ch\/wp-content\/uploads\/2024\/07\/IMG_1799-1024x788.jpeg\" alt=\"\" class=\"wp-image-557\"\/><\/figure>\n\n\n\n<figure class=\"wp-block-image size-full\"><img loading=\"lazy\" decoding=\"async\" width=\"849\" height=\"640\" data-id=\"562\" src=\"https:\/\/ttll.ch\/wp-content\/uploads\/2024\/07\/a96a4d5d-1b17-4853-b3e3-1b0ad79579ef-2.jpeg\" alt=\"\" class=\"wp-image-562\" srcset=\"https:\/\/ttll.ch\/wp-content\/uploads\/2024\/07\/a96a4d5d-1b17-4853-b3e3-1b0ad79579ef-2.jpeg 849w, https:\/\/ttll.ch\/wp-content\/uploads\/2024\/07\/a96a4d5d-1b17-4853-b3e3-1b0ad79579ef-2-600x452.jpeg 600w, https:\/\/ttll.ch\/wp-content\/uploads\/2024\/07\/a96a4d5d-1b17-4853-b3e3-1b0ad79579ef-2-300x226.jpeg 300w, https:\/\/ttll.ch\/wp-content\/uploads\/2024\/07\/a96a4d5d-1b17-4853-b3e3-1b0ad79579ef-2-768x579.jpeg 768w\" sizes=\"auto, (max-width: 849px) 100vw, 849px\" \/><\/figure>\n\n\n\n<figure class=\"wp-block-image size-large\"><img loading=\"lazy\" decoding=\"async\" width=\"371\" height=\"556\" data-id=\"561\" src=\"https:\/\/ttll.ch\/wp-content\/uploads\/2024\/07\/464535fb-984f-4302-a46d-4d226044230c.jpeg\" alt=\"\" class=\"wp-image-561\" srcset=\"https:\/\/ttll.ch\/wp-content\/uploads\/2024\/07\/464535fb-984f-4302-a46d-4d226044230c.jpeg 371w, https:\/\/ttll.ch\/wp-content\/uploads\/2024\/07\/464535fb-984f-4302-a46d-4d226044230c-200x300.jpeg 200w\" sizes=\"auto, (max-width: 371px) 100vw, 371px\" \/><\/figure>\n\n\n\n<figure class=\"wp-block-image size-large\"><img loading=\"lazy\" decoding=\"async\" width=\"1000\" height=\"750\" data-id=\"287\" src=\"https:\/\/ttll.ch\/wp-content\/uploads\/2023\/01\/run_adults_02.jpg\" alt=\"\" class=\"wp-image-287\" srcset=\"https:\/\/ttll.ch\/wp-content\/uploads\/2023\/01\/run_adults_02.jpg 1000w, https:\/\/ttll.ch\/wp-content\/uploads\/2023\/01\/run_adults_02-600x450.jpg 600w, https:\/\/ttll.ch\/wp-content\/uploads\/2023\/01\/run_adults_02-300x225.jpg 300w, https:\/\/ttll.ch\/wp-content\/uploads\/2023\/01\/run_adults_02-768x576.jpg 768w\" sizes=\"auto, (max-width: 1000px) 100vw, 1000px\" \/><\/figure>\n\n\n\n<figure class=\"wp-block-image size-full\"><img loading=\"lazy\" decoding=\"async\" width=\"567\" height=\"756\" data-id=\"465\" src=\"https:\/\/ttll.ch\/wp-content\/uploads\/2024\/07\/a3bfa4bd-acf9-4887-b019-3baef4883856.jpeg\" alt=\"\" class=\"wp-image-465\" srcset=\"https:\/\/ttll.ch\/wp-content\/uploads\/2024\/07\/a3bfa4bd-acf9-4887-b019-3baef4883856.jpeg 567w, https:\/\/ttll.ch\/wp-content\/uploads\/2024\/07\/a3bfa4bd-acf9-4887-b019-3baef4883856-225x300.jpeg 225w\" sizes=\"auto, (max-width: 567px) 100vw, 567px\" \/><\/figure>\n\n\n\n<figure class=\"wp-block-image size-large\"><img loading=\"lazy\" decoding=\"async\" width=\"784\" height=\"1000\" data-id=\"288\" src=\"https:\/\/ttll.ch\/wp-content\/uploads\/2023\/01\/run_adults_03.jpg\" alt=\"\" class=\"wp-image-288\" srcset=\"https:\/\/ttll.ch\/wp-content\/uploads\/2023\/01\/run_adults_03.jpg 784w, https:\/\/ttll.ch\/wp-content\/uploads\/2023\/01\/run_adults_03-600x765.jpg 600w, https:\/\/ttll.ch\/wp-content\/uploads\/2023\/01\/run_adults_03-235x300.jpg 235w, https:\/\/ttll.ch\/wp-content\/uploads\/2023\/01\/run_adults_03-768x980.jpg 768w\" sizes=\"auto, (max-width: 784px) 100vw, 784px\" \/><\/figure>\n<\/figure>\n\n\n\n<p><\/p>\n","protected":false},"excerpt":{"rendered":"<p>Tout Terrain Lutry Lavaux a \u00e9t\u00e9 initialement con\u00e7u comme un programme pour les jeunes coureurs. Puis, \u00e0 l&rsquo;automne 2022, les parents de nos athl\u00e8tes nous ont convaincus de lancer un cours officiel pour les adultes ! Certains de nos premiers coureurs adultes ont remport\u00e9 leurs premiers podiums cette ann\u00e9e !&#8230;<\/p>\n","protected":false},"author":3,"featured_media":0,"parent":0,"menu_order":0,"comment_status":"closed","ping_status":"closed","template":"templates\/full-width-page.php","meta":{"ngg_post_thumbnail":0,"footnotes":""},"class_list":["post-530","page","type-page","status-publish","hentry"],"jetpack_sharing_enabled":true,"_links":{"self":[{"href":"https:\/\/ttll.ch\/index.php\/wp-json\/wp\/v2\/pages\/530","targetHints":{"allow":["GET"]}}],"collection":[{"href":"https:\/\/ttll.ch\/index.php\/wp-json\/wp\/v2\/pages"}],"about":[{"href":"https:\/\/ttll.ch\/index.php\/wp-json\/wp\/v2\/types\/page"}],"author":[{"embeddable":true,"href":"https:\/\/ttll.ch\/index.php\/wp-json\/wp\/v2\/users\/3"}],"replies":[{"embeddable":true,"href":"https:\/\/ttll.ch\/index.php\/wp-json\/wp\/v2\/comments?post=530"}],"version-history":[{"count":6,"href":"https:\/\/ttll.ch\/index.php\/wp-json\/wp\/v2\/pages\/530\/revisions"}],"predecessor-version":[{"id":565,"href":"https:\/\/ttll.ch\/index.php\/wp-json\/wp\/v2\/pages\/530\/revisions\/565"}],"wp:attachment":[{"href":"https:\/\/ttll.ch\/index.php\/wp-json\/wp\/v2\/media?parent=530"}],"curies":[{"name":"wp","href":"https:\/\/api.w.org\/{rel}","templated":true}]}}