{"id":141,"date":"2021-06-25T15:05:05","date_gmt":"2021-06-25T13:05:05","guid":{"rendered":"https:\/\/ttll.ch\/?page_id=141"},"modified":"2024-07-21T19:58:25","modified_gmt":"2024-07-21T17:58:25","slug":"qui-sommes-nous","status":"publish","type":"page","link":"https:\/\/ttll.ch\/index.php\/qui-sommes-nous\/","title":{"rendered":"L&rsquo;\u00c9quipe"},"content":{"rendered":"\n<p><\/p>\n\n\n\n<p>Le succ\u00e8s de TTLL appartient \u00e0 nos athl\u00e8tes, entra\u00eeneurs, parents et membres du comit\u00e9 pour leur excellente collaboration, leur d\u00e9vouement et leur travail acharn\u00e9 au fil des ann\u00e9es.<\/p>\n\n\n\n<p>Notre \u00e9quipe ne cesse de cro\u00eetre et d&rsquo;\u00e9voluer pour r\u00e9pondre aux besoins de nos athl\u00e8tes. Nous sommes vraiment impressionn\u00e9s par le haut niveau que beaucoup de nos athl\u00e8tes atteignent aujourd&rsquo;hui ! \u00c0 mesure que nos athl\u00e8tes grandissent et m\u00fbrissent, nous, \u00e0 TTLL, fournissons une structure qui leur permet de r\u00e9aliser leurs objectifs sportifs. Nous leur donnons l&rsquo;opportunit\u00e9 de tester leurs limites et de se surpasser dans un environnement amusant, solidaire et productif. Pour l&rsquo;ann\u00e9e scolaire 2024-2025, nous introduirons un programme de comp\u00e9tition pour nos athl\u00e8tes les plus motiv\u00e9s. De plus, nous continuerons \u00e0 d\u00e9velopper les comp\u00e9tences en leadership de nos athl\u00e8tes les plus exp\u00e9riment\u00e9s, qui travailleront en tant qu&rsquo;assistants entra\u00eeneurs avec nos jeunes membres.<\/p>\n\n\n\n<p><\/p>\n\n\n\n<h2 class=\"wp-block-heading\"><strong>Nancy Soethoudt Bristel, Coach et formatrice certifi\u00e9e, Pr\u00e9sidente Tout Terrain Lutry Lavaux<\/strong><\/h2>\n\n\n<div class=\"wp-block-image\">\n<figure class=\"alignleft size-large is-resized\"><img loading=\"lazy\" decoding=\"async\" width=\"640\" height=\"640\" src=\"https:\/\/ttll.ch\/wp-content\/uploads\/2021\/06\/nancy.jpg\" alt=\"\" class=\"wp-image-146\" style=\"width:376px;height:376px\" srcset=\"https:\/\/ttll.ch\/wp-content\/uploads\/2021\/06\/nancy.jpg 640w, https:\/\/ttll.ch\/wp-content\/uploads\/2021\/06\/nancy-300x300.jpg 300w, https:\/\/ttll.ch\/wp-content\/uploads\/2021\/06\/nancy-100x100.jpg 100w, https:\/\/ttll.ch\/wp-content\/uploads\/2021\/06\/nancy-600x600.jpg 600w, https:\/\/ttll.ch\/wp-content\/uploads\/2021\/06\/nancy-150x150.jpg 150w\" sizes=\"auto, (max-width: 640px) 100vw, 640px\" \/><\/figure>\n<\/div>\n\n\n<p><strong>Parcours personnel<\/strong><\/p>\n\n\n\n<p>Comme la plupart de nos jeunes membres, j\u2019ai commenc\u00e9 \u00e0 courir alors que j\u2019\u00e9tais enfant.&nbsp;D\u00e8s l\u2019\u00e2ge de 11 ans, je me suis align\u00e9e sur des comp\u00e9titions de 10km.&nbsp;Au gymnase, j\u2019ai \u00e9tabli un nouveau record sur le 800m, le 1 mile et le 2 miles \u2013 des records que j\u2019ai maintenu pour plus de vingt ans. A l\u2019universit\u00e9, j\u2019ai particip\u00e9 aux championnats nationaux du Nord-Est des USA sur la distance du mile.<\/p>\n\n\n\n<p>C\u2019est lorsque je m\u2019entrainais pour le marathon de Boston que j\u2019ai subi une blessure qui m\u2019a emp\u00each\u00e9e de m\u2019aligner sur des comp\u00e9titions durant pr\u00e8s de 20 ans. C\u2019est ainsi que je me suis int\u00e9ress\u00e9e \u00e0 l\u2019escalade, ce qui m\u2019a permis d\u2019entrainer et de me renforcer musculairement de mani\u00e8re diff\u00e9rente.&nbsp;J\u2019ai pu pratiquer l\u2019escalade (traditionnelle, sportive et sur glace) de mani\u00e8re s\u00e9rieuse \u00e0 travers l\u2019Am\u00e9rique du Nord, l\u2019Europe et au-del\u00e0, durant les 15 ann\u00e9es suivantes.<\/p>\n\n\n\n<p>J\u2019ai d\u00e9m\u00e9nag\u00e9 du Massachusetts, USA \u00e0 Lutry en 2010 avec ma famille et j\u2019ai d\u00e9cid\u00e9 de rejoindre le club de triathlon du quartier, en me mettant \u00e0 la natation et au v\u00e9lo pour la premi\u00e8re fois. Avec le soutien de mon club, Tri Team Lutry, j\u2019ai atteint mes objectives de triathlon au cours des dix prochaines ann\u00e9es, en gagnant des podiums pour les distances sprint, Olympic et Half Ironman (ainsi que pour d\u2019autres distances de courses) et en finissant deux Ironman complets. Pendant ce temps, j&rsquo;ai \u00e9galement \u00e9tudi\u00e9 et obtenu un certificat d\u2019instructrice de fitness personnel et de groupe, ainsi qu&rsquo;un certificat d\u2019entra\u00eeneuse d\u2019athl\u00e9tisme.<\/p>\n\n\n\n<figure class=\"wp-block-gallery has-nested-images columns-default is-cropped wp-block-gallery-1 is-layout-flex wp-block-gallery-is-layout-flex\">\n<figure class=\"wp-block-image size-large\"><img loading=\"lazy\" decoding=\"async\" width=\"898\" height=\"674\" data-id=\"637\" src=\"https:\/\/ttll.ch\/wp-content\/uploads\/2024\/07\/328043b9-acb8-4525-aff8-b8e75602624c.jpeg\" alt=\"\" class=\"wp-image-637\" srcset=\"https:\/\/ttll.ch\/wp-content\/uploads\/2024\/07\/328043b9-acb8-4525-aff8-b8e75602624c.jpeg 898w, https:\/\/ttll.ch\/wp-content\/uploads\/2024\/07\/328043b9-acb8-4525-aff8-b8e75602624c-600x450.jpeg 600w, https:\/\/ttll.ch\/wp-content\/uploads\/2024\/07\/328043b9-acb8-4525-aff8-b8e75602624c-300x225.jpeg 300w, https:\/\/ttll.ch\/wp-content\/uploads\/2024\/07\/328043b9-acb8-4525-aff8-b8e75602624c-768x576.jpeg 768w\" sizes=\"auto, (max-width: 898px) 100vw, 898px\" \/><\/figure>\n\n\n\n<figure class=\"wp-block-image size-large\"><img loading=\"lazy\" decoding=\"async\" width=\"1024\" height=\"718\" data-id=\"382\" src=\"https:\/\/ttll.ch\/wp-content\/uploads\/2023\/03\/vos_coachs-1024x718.jpg\" alt=\"\" class=\"wp-image-382\" srcset=\"https:\/\/ttll.ch\/wp-content\/uploads\/2023\/03\/vos_coachs-1024x718.jpg 1024w, https:\/\/ttll.ch\/wp-content\/uploads\/2023\/03\/vos_coachs-600x420.jpg 600w, https:\/\/ttll.ch\/wp-content\/uploads\/2023\/03\/vos_coachs-300x210.jpg 300w, https:\/\/ttll.ch\/wp-content\/uploads\/2023\/03\/vos_coachs-768x538.jpg 768w, https:\/\/ttll.ch\/wp-content\/uploads\/2023\/03\/vos_coachs.jpg 1280w\" sizes=\"auto, (max-width: 1024px) 100vw, 1024px\" \/><\/figure>\n<\/figure>\n\n\n\n<p><\/p>\n\n\n\n<h3 class=\"wp-block-heading\"><strong>Formation de Tout Terrain Lutry Lavaux<\/strong><\/h3>\n\n\n\n<p>\u00c9tant plus que satisfaite avec mes exp\u00e9riences en triathlon, j\u2019ai trouv\u00e9 mon prochain d\u00e9fi en cr\u00e9ant Tout Terrain Lutry Lavaux.<\/p>\n\n\n\n<p>J\u2019ai cr\u00e9\u00e9 TTLL en octobre 2019 apr\u00e8s avoir entra\u00een\u00e9 des jeunes coureurs et \u00e0 avoir trouv\u00e9 ce travail de plus en plus int\u00e9ressant et gratifiant. Je souhaitais former une association v\u00e9ritablement d\u00e9di\u00e9e \u00e0 la course \u00e0 pied, qui soutienne \u00e9galement les familles et qui relie ses membres au magnifique environnement naturel qu\u2019est Lutry et le Lavaux.<\/p>\n\n\n\n<p>En plus d&rsquo;\u00eatre une coureuse de longue date, une enseignante exp\u00e9riment\u00e9e et une coach sportive certifi\u00e9e, je suis \u00e9galement la m\u00e8re de quatre enfants actifs, adultes ou bient\u00f4t adultes. Ils ont tous grandi dans une famille passionn\u00e9e par les sports de plein air.&nbsp; Lorsque nous avons d\u00e9cid\u00e9 de former TTLL, ils ont travaill\u00e9 avec moi pour perfectionner le logo et le site de notre \u00e9quipe, en communiquant avec les membres, et en courant avec et entra\u00eenant les jeunes athl\u00e8tes de TTLL.&nbsp;<\/p>\n\n\n\n<p>Ce fut un projet \u00e9norme mais satisfaisant de cr\u00e9er Tout Terrain Lutry Lavaux et d\u2019entra\u00eener notre \u00e9quipe qui continue \u00e0 s\u2019agrandir&nbsp;! Ce travail m\u2019a appris le pouvoir du d\u00e9vouement. Notre d\u00e9vouement, associ\u00e9 au d\u00e9vouement de nos athl\u00e8tes et de leurs familles, cr\u00e9e une \u00e9quipe d\u00e9vou\u00e9e \u00e0 sa r\u00e9ussite&nbsp;!<\/p>\n\n\n\n<p>Avec TTLL, je donne ma motivation et mon exp\u00e9rience pour former et soutenir une nouvelle g\u00e9n\u00e9ration d\u2019athl\u00e8tes sains, bien form\u00e9s et performants. C&rsquo;est avec grand plaisir que je vous passe le relais.<\/p>\n\n\n\n<p><\/p>\n\n\n\n<h2 class=\"wp-block-heading\"><strong>Le Comit\u00e9<\/strong><\/h2>\n\n\n\n<p>Tout Terrain Lutry Lavaux est une cr\u00e9ation familiale. Nos membres sont reconnaissants pour le travail et l\u2019investissement de nos b\u00e9n\u00e9voles. Nous ne serions pas l\u2019organisation vibrante et r\u00e9ussie que nous sommes aujourd\u2019hui sans leur cr\u00e9ativit\u00e9 et leur passion. <\/p>\n\n\n\n<p>Le comit\u00e9 est activement engag\u00e9 dans la conception de notre site web, la cr\u00e9ation du logo, les uniformes de l&rsquo;\u00e9quipe, la publicit\u00e9, la sensibilisation communautaire et l&rsquo;administration g\u00e9n\u00e9rale.<\/p>\n\n\n\n<div class=\"wp-block-columns is-layout-flex wp-container-core-columns-is-layout-9d6595d7 wp-block-columns-is-layout-flex\">\n<div class=\"wp-block-column is-vertically-aligned-center is-layout-flow wp-block-column-is-layout-flow\" style=\"flex-basis:100%\">\n<figure class=\"wp-block-image size-large\"><img loading=\"lazy\" decoding=\"async\" width=\"1024\" height=\"494\" src=\"https:\/\/ttll.ch\/wp-content\/uploads\/2024\/07\/ae4ea6bf-c898-4b76-a893-c909e5e26a03-1024x494.jpeg\" alt=\"\" class=\"wp-image-642\" srcset=\"https:\/\/ttll.ch\/wp-content\/uploads\/2024\/07\/ae4ea6bf-c898-4b76-a893-c909e5e26a03-1024x494.jpeg 1024w, https:\/\/ttll.ch\/wp-content\/uploads\/2024\/07\/ae4ea6bf-c898-4b76-a893-c909e5e26a03-600x290.jpeg 600w, https:\/\/ttll.ch\/wp-content\/uploads\/2024\/07\/ae4ea6bf-c898-4b76-a893-c909e5e26a03-300x145.jpeg 300w, https:\/\/ttll.ch\/wp-content\/uploads\/2024\/07\/ae4ea6bf-c898-4b76-a893-c909e5e26a03-768x371.jpeg 768w, https:\/\/ttll.ch\/wp-content\/uploads\/2024\/07\/ae4ea6bf-c898-4b76-a893-c909e5e26a03-1536x742.jpeg 1536w, https:\/\/ttll.ch\/wp-content\/uploads\/2024\/07\/ae4ea6bf-c898-4b76-a893-c909e5e26a03.jpeg 1547w\" sizes=\"auto, (max-width: 1024px) 100vw, 1024px\" \/><\/figure>\n\n\n\n<div class=\"wp-block-group\"><div class=\"wp-block-group__inner-container is-layout-constrained wp-block-group-is-layout-constrained\">\n<div class=\"wp-block-columns is-layout-flex wp-container-core-columns-is-layout-9d6595d7 wp-block-columns-is-layout-flex\">\n<div class=\"wp-block-column is-layout-flow wp-block-column-is-layout-flow\" style=\"flex-basis:100%\">\n<figure class=\"wp-block-gallery has-nested-images columns-2 is-cropped wp-block-gallery-2 is-layout-flex wp-block-gallery-is-layout-flex\">\n<figure class=\"wp-block-image size-large\"><img loading=\"lazy\" decoding=\"async\" width=\"960\" height=\"960\" data-id=\"639\" src=\"https:\/\/ttll.ch\/wp-content\/uploads\/2024\/07\/administration_3-edited.jpg\" alt=\"\" class=\"wp-image-639\" srcset=\"https:\/\/ttll.ch\/wp-content\/uploads\/2024\/07\/administration_3-edited.jpg 960w, https:\/\/ttll.ch\/wp-content\/uploads\/2024\/07\/administration_3-edited-300x300.jpg 300w, https:\/\/ttll.ch\/wp-content\/uploads\/2024\/07\/administration_3-edited-100x100.jpg 100w, https:\/\/ttll.ch\/wp-content\/uploads\/2024\/07\/administration_3-edited-600x600.jpg 600w, https:\/\/ttll.ch\/wp-content\/uploads\/2024\/07\/administration_3-edited-150x150.jpg 150w, https:\/\/ttll.ch\/wp-content\/uploads\/2024\/07\/administration_3-edited-768x768.jpg 768w\" sizes=\"auto, (max-width: 960px) 100vw, 960px\" \/><\/figure>\n\n\n\n<figure class=\"wp-block-image size-large\"><img loading=\"lazy\" decoding=\"async\" width=\"960\" height=\"960\" data-id=\"640\" src=\"https:\/\/ttll.ch\/wp-content\/uploads\/2024\/07\/administration1-edited.jpg\" alt=\"\" class=\"wp-image-640\" srcset=\"https:\/\/ttll.ch\/wp-content\/uploads\/2024\/07\/administration1-edited.jpg 960w, https:\/\/ttll.ch\/wp-content\/uploads\/2024\/07\/administration1-edited-300x300.jpg 300w, https:\/\/ttll.ch\/wp-content\/uploads\/2024\/07\/administration1-edited-100x100.jpg 100w, https:\/\/ttll.ch\/wp-content\/uploads\/2024\/07\/administration1-edited-600x600.jpg 600w, https:\/\/ttll.ch\/wp-content\/uploads\/2024\/07\/administration1-edited-150x150.jpg 150w, https:\/\/ttll.ch\/wp-content\/uploads\/2024\/07\/administration1-edited-768x768.jpg 768w\" sizes=\"auto, (max-width: 960px) 100vw, 960px\" \/><\/figure>\n<\/figure>\n<\/div>\n<\/div>\n<\/div><\/div>\n<\/div>\n<\/div>\n\n\n\n<h2 class=\"wp-block-heading\"><\/h2>\n\n\n\n<p><span data-state=\"closed\" class=\"\"><span class=\"flex h-[30px] w-[30px] items-center justify-center\"><svg xmlns=\"http:\/\/www.w3.org\/2000\/svg\" width=\"24\" height=\"24\" fill=\"none\" viewbox=\"0 0 24 24\" class=\"icon-md-heavy\"><\/svg><\/span><\/span><span data-state=\"closed\" class=\"\"><\/span><span data-state=\"closed\" class=\"\"><span class=\"flex h-[30px] w-[30px] items-center justify-center\"><svg xmlns=\"http:\/\/www.w3.org\/2000\/svg\" width=\"24\" height=\"24\" fill=\"none\" viewbox=\"0 0 24 24\" class=\"icon-md-heavy\"><\/svg><\/span><\/span><span data-state=\"closed\" class=\"\"><\/span><span data-state=\"closed\" class=\"\"><path fill=\"currentColor\" d=\"M19.898.855a.4.4 0 0 0-.795 0c-.123 1.064-.44 1.802-.943 2.305-.503.503-1.241.82-2.306.943a.4.4 0 0 0 .001.794c1.047.119 1.801.436 2.317.942.512.504.836 1.241.93 2.296a.4.4 0 0 0 .796 0c.09-1.038.413-1.792.93-2.308.515-.516 1.269-.839 2.306-.928a.4.4 0 0 0 .001-.797c-1.055-.094-1.792-.418-2.296-.93-.506-.516-.823-1.27-.941-2.317Z\"><\/path><path fill=\"currentColor\" d=\"M12.001 1.5a1 1 0 0 1 .993.887c.313 2.77 1.153 4.775 2.5 6.146 1.34 1.366 3.3 2.223 6.095 2.47a1 1 0 0 1-.003 1.993c-2.747.238-4.75 1.094-6.123 2.467-1.373 1.374-2.229 3.376-2.467 6.123a1 1 0 0 1-1.992.003c-.248-2.795-1.105-4.754-2.47-6.095-1.372-1.347-3.376-2.187-6.147-2.5a1 1 0 0 1-.002-1.987c2.818-.325 4.779-1.165 6.118-2.504 1.339-1.34 2.179-3.3 2.504-6.118A1 1 0 0 1 12 1.5ZM6.725 11.998c1.234.503 2.309 1.184 3.21 2.069.877.861 1.56 1.888 2.063 3.076.5-1.187 1.18-2.223 2.051-3.094.871-.87 1.907-1.55 3.094-2.05-1.188-.503-2.215-1.187-3.076-2.064-.885-.901-1.566-1.976-2.069-3.21-.505 1.235-1.19 2.3-2.081 3.192-.891.89-1.957 1.576-3.192 2.082Z\"><\/path><span class=\"overflow-hidden text-clip whitespace-nowrap text-sm\"><\/span><\/span><\/p>\n","protected":false},"excerpt":{"rendered":"<p>Le succ\u00e8s de TTLL appartient \u00e0 nos athl\u00e8tes, entra\u00eeneurs, parents et membres du comit\u00e9 pour leur excellente collaboration, leur d\u00e9vouement et leur travail acharn\u00e9 au fil des ann\u00e9es. Notre \u00e9quipe ne cesse de cro\u00eetre et d&rsquo;\u00e9voluer pour r\u00e9pondre aux besoins de nos athl\u00e8tes. Nous sommes vraiment impressionn\u00e9s par le haut&#8230;<\/p>\n","protected":false},"author":2,"featured_media":0,"parent":0,"menu_order":0,"comment_status":"closed","ping_status":"closed","template":"templates\/full-width-page.php","meta":{"ngg_post_thumbnail":0,"footnotes":""},"class_list":["post-141","page","type-page","status-publish","hentry"],"jetpack_sharing_enabled":true,"_links":{"self":[{"href":"https:\/\/ttll.ch\/index.php\/wp-json\/wp\/v2\/pages\/141","targetHints":{"allow":["GET"]}}],"collection":[{"href":"https:\/\/ttll.ch\/index.php\/wp-json\/wp\/v2\/pages"}],"about":[{"href":"https:\/\/ttll.ch\/index.php\/wp-json\/wp\/v2\/types\/page"}],"author":[{"embeddable":true,"href":"https:\/\/ttll.ch\/index.php\/wp-json\/wp\/v2\/users\/2"}],"replies":[{"embeddable":true,"href":"https:\/\/ttll.ch\/index.php\/wp-json\/wp\/v2\/comments?post=141"}],"version-history":[{"count":16,"href":"https:\/\/ttll.ch\/index.php\/wp-json\/wp\/v2\/pages\/141\/revisions"}],"predecessor-version":[{"id":645,"href":"https:\/\/ttll.ch\/index.php\/wp-json\/wp\/v2\/pages\/141\/revisions\/645"}],"wp:attachment":[{"href":"https:\/\/ttll.ch\/index.php\/wp-json\/wp\/v2\/media?parent=141"}],"curies":[{"name":"wp","href":"https:\/\/api.w.org\/{rel}","templated":true}]}}