{"id":117,"date":"2021-06-24T15:16:24","date_gmt":"2021-06-24T13:16:24","guid":{"rendered":"https:\/\/ttll.ch\/?page_id=117"},"modified":"2026-02-07T12:13:26","modified_gmt":"2026-02-07T11:13:26","slug":"programme-horaires","status":"publish","type":"page","link":"https:\/\/ttll.ch\/index.php\/programme-horaires\/","title":{"rendered":"Programme \/ horaires"},"content":{"rendered":"\n<h2 class=\"wp-block-heading\">Horaires d\u2019entra\u00eenements 2024 &#8211; 2025<\/h2>\n\n\n\n<p><\/p>\n\n\n\n<p><em>La saison d&rsquo;automne de TTLL recommence le lundi <span style=\"text-decoration: underline;\">26 ao\u00fbt 2024<\/span> !<\/em><\/p>\n\n\n\n<h3 class=\"wp-block-heading\">Lundi<\/h3>\n\n\n\n<figure class=\"wp-block-table\"><table class=\"has-fixed-layout\"><tbody><tr><td>18:15 &#8211; 19:40<\/td><td>Bike + Run Renforc\u00e9<\/td><td>9 &#8211; 19 ans<\/td><\/tr><tr><td>18:30 &#8211; 19:25<\/td><td>Bike + Run Jeunes<\/td><td>9 &#8211; 19 ans<\/td><\/tr><\/tbody><\/table><\/figure>\n\n\n\n<p>&nbsp;&nbsp;&nbsp;<\/p>\n\n\n\n<h3 class=\"wp-block-heading\">Mardi<\/h3>\n\n\n\n<p><em>Pour les saisons d&rsquo;<span style=\"text-decoration: underline;\">automne<\/span> et <span style=\"text-decoration: underline;\">printemps<\/span> (26 ao\u00fbt &#8211; 17 novembre; 17 mars &#8211; 26 juin) :<\/em><\/p>\n\n\n\n<figure class=\"wp-block-table\"><table class=\"has-fixed-layout\"><tbody><tr><td>17:30 &#8211; 18:20<\/td><td>Course \u00e0 Pied Jeunes<\/td><td>8 &#8211; 12 ans<\/td><\/tr><tr><td>18:30 &#8211; 19:30<\/td><td>Course \u00e0 Pied Ados<\/td><td>13 &#8211; 19 ans<\/td><\/tr><tr><td>18:30 &#8211; 19:30<\/td><td>Course \u00e0 Pied Adultes<\/td><td>20 ans et plus<\/td><\/tr><\/tbody><\/table><figcaption class=\"wp-element-caption\"><em>Pour la saison d&rsquo;<span style=\"text-decoration: underline;\">hiver<\/span> (18 novembre &#8211; 16 mars) :<\/em><\/figcaption><\/figure>\n\n\n\n<figure class=\"wp-block-table\"><table class=\"has-fixed-layout\"><tbody><tr><td>18:30 &#8211; 19:25<\/td><td>Course \u00e0 Pied Jeunes et Ados<\/td><td>8 &#8211; 19 ans<\/td><\/tr><tr><td>18:30 &#8211; 19:25<\/td><td>Course \u00e0 Pied Adultes<\/td><td>20 ans et plus<\/td><\/tr><\/tbody><\/table><\/figure>\n\n\n\n<p>&nbsp;&nbsp; &nbsp;&nbsp;&nbsp;&nbsp;&nbsp;&nbsp;&nbsp;&nbsp;&nbsp;&nbsp;&nbsp;<\/p>\n\n\n\n<h3 class=\"wp-block-heading\">Mercredi<\/h3>\n\n\n\n<figure class=\"wp-block-table\"><table class=\"has-fixed-layout\"><tbody><tr><td>18:00 &#8211; 18:50<\/td><td>Course \u00e0 Pied Enfants<\/td><td>6.5 &#8211; 11 ans<\/td><\/tr><tr><td>19:00 &#8211; 20:00<\/td><td>Course \u00e0 Pied Adultes<\/td><td>20 ans et plus<\/td><\/tr><\/tbody><\/table><\/figure>\n\n\n\n<p>&nbsp;&nbsp;&nbsp;&nbsp;&nbsp;&nbsp;&nbsp;&nbsp;&nbsp;&nbsp;&nbsp;&nbsp; <\/p>\n\n\n\n<h3 class=\"wp-block-heading\">Jeudi<\/h3>\n\n\n\n<p><em>Pour les saisons d&rsquo;<span style=\"text-decoration: underline;\">automne<\/span> et <span style=\"text-decoration: underline;\">printemps<\/span> (26 ao\u00fbt &#8211; 17 novembre; 17 mars &#8211; 26 juin) :<\/em><\/p>\n\n\n\n<figure class=\"wp-block-table\"><table class=\"has-fixed-layout\"><tbody><tr><td>17:30 &#8211; 18:20<\/td><td>Course \u00e0 Pied Jeunes<\/td><td>8 &#8211; 12 ans<\/td><\/tr><tr><td>18:30 &#8211; 19:30<\/td><td>Course \u00e0 Pied Ados<\/td><td>13 &#8211; 19 ans<\/td><\/tr><\/tbody><\/table><figcaption class=\"wp-element-caption\"><em>Pour la saison d&rsquo;<span style=\"text-decoration: underline;\">hiver <\/span>(18 novembre &#8211; 16 mars) :<\/em><\/figcaption><\/figure>\n\n\n\n<figure class=\"wp-block-table\"><table class=\"has-fixed-layout\"><tbody><tr><td>18:30 &#8211; 19:30<\/td><td>Course \u00e0 Pied Jeunes et Ados<\/td><td>8 &#8211; 19 ans<\/td><\/tr><\/tbody><\/table><\/figure>\n\n\n<div class=\"wp-block-image\">\n<figure class=\"aligncenter size-full is-resized\"><img loading=\"lazy\" decoding=\"async\" width=\"1376\" height=\"1834\" src=\"https:\/\/ttll.ch\/wp-content\/uploads\/2024\/07\/IMG_7300.jpeg\" alt=\"\" class=\"wp-image-498\" style=\"aspect-ratio:1.3333333333333333;object-fit:cover;width:393px;height:auto\" srcset=\"https:\/\/ttll.ch\/wp-content\/uploads\/2024\/07\/IMG_7300.jpeg 1376w, https:\/\/ttll.ch\/wp-content\/uploads\/2024\/07\/IMG_7300-600x800.jpeg 600w, https:\/\/ttll.ch\/wp-content\/uploads\/2024\/07\/IMG_7300-225x300.jpeg 225w, https:\/\/ttll.ch\/wp-content\/uploads\/2024\/07\/IMG_7300-768x1024.jpeg 768w, https:\/\/ttll.ch\/wp-content\/uploads\/2024\/07\/IMG_7300-1152x1536.jpeg 1152w\" sizes=\"auto, (max-width: 1376px) 100vw, 1376px\" \/><\/figure>\n<\/div>\n\n\n<p><\/p>\n\n\n\n<p><\/p>\n\n\n\n<p><\/p>\n\n\n\n<h2 class=\"wp-block-heading\">Lieux de rendez-vous<\/h2>\n\n\n\n<p>Les membres du TTLL re\u00e7oivent des calendriers hebdomadaires d\u00e9taill\u00e9s avec les emplacements des rdv et les d\u00e9tails des programmes.<\/p>\n\n\n\n<p>La plupart des entra\u00eenements commencent et finissent \u00e0 Lutry, Pully, au Stade de Coubertin ou au Mus\u00e9e Olympique.&nbsp;Nous nous retrouvons pr\u00e8s de parkings facilement accessibles ou \u00e0 la gare de Lutry pour les courts trajets par train.<\/p>\n\n\n\n<p>Pendant l&rsquo;hiver, les s\u00e9ances Bike + Run (lundi) et Course \u00e0 pied Enfants (mercredi) ont lieu r\u00e9guli\u00e8rement \u00e0 la Grande Salle de Savuit, situ\u00e9e juste au-dessus du bourg de Lutry. Nous disposons d&rsquo;une grande salle int\u00e9rieure pour l&rsquo;installation de nos v\u00e9los, le cross-training avec divers \u00e9quipements, ainsi que pour des jeux d&rsquo;int\u00e9rieur destin\u00e9s aux cours des enfants.<\/p>\n\n\n\n<p>Nous organisons des sorties en prenant un court trajet en train ou en covoiturage. Le changement de lieu permet \u00e0 nos athl\u00e8tes de s&rsquo;entra\u00eener en trail, sur la piste et sur les parcours des comp\u00e9titions \u00e0 venir. La diversit\u00e9 des lieux contribue grandement \u00e0 l&rsquo;entra\u00eenement et \u00e0 la pr\u00e9paration de nos athl\u00e8tes.<br><\/p>\n\n\n\n<p><\/p>\n","protected":false},"excerpt":{"rendered":"<p>Horaires d\u2019entra\u00eenements 2024 &#8211; 2025 La saison d&rsquo;automne de TTLL recommence le lundi 26 ao\u00fbt 2024 ! Lundi 18:15 &#8211; 19:40 Bike + Run Renforc\u00e9 9 &#8211; 19 ans 18:30 &#8211; 19:25 Bike + Run Jeunes 9 &#8211; 19 ans &nbsp;&nbsp;&nbsp; Mardi Pour les saisons d&rsquo;automne et printemps (26 ao\u00fbt&#8230;<\/p>\n","protected":false},"author":2,"featured_media":0,"parent":0,"menu_order":0,"comment_status":"closed","ping_status":"closed","template":"templates\/full-width-page.php","meta":{"ngg_post_thumbnail":0,"footnotes":""},"class_list":["post-117","page","type-page","status-publish","hentry"],"jetpack_sharing_enabled":true,"_links":{"self":[{"href":"https:\/\/ttll.ch\/index.php\/wp-json\/wp\/v2\/pages\/117","targetHints":{"allow":["GET"]}}],"collection":[{"href":"https:\/\/ttll.ch\/index.php\/wp-json\/wp\/v2\/pages"}],"about":[{"href":"https:\/\/ttll.ch\/index.php\/wp-json\/wp\/v2\/types\/page"}],"author":[{"embeddable":true,"href":"https:\/\/ttll.ch\/index.php\/wp-json\/wp\/v2\/users\/2"}],"replies":[{"embeddable":true,"href":"https:\/\/ttll.ch\/index.php\/wp-json\/wp\/v2\/comments?post=117"}],"version-history":[{"count":29,"href":"https:\/\/ttll.ch\/index.php\/wp-json\/wp\/v2\/pages\/117\/revisions"}],"predecessor-version":[{"id":775,"href":"https:\/\/ttll.ch\/index.php\/wp-json\/wp\/v2\/pages\/117\/revisions\/775"}],"wp:attachment":[{"href":"https:\/\/ttll.ch\/index.php\/wp-json\/wp\/v2\/media?parent=117"}],"curies":[{"name":"wp","href":"https:\/\/api.w.org\/{rel}","templated":true}]}}